{"id":2276,"date":"2024-04-17T14:59:55","date_gmt":"2024-04-17T14:59:55","guid":{"rendered":"https:\/\/imperium-massage.cz\/interier\/"},"modified":"2025-12-12T16:24:12","modified_gmt":"2025-12-12T15:24:12","slug":"interier","status":"publish","type":"page","link":"https:\/\/imperium-massage.cz\/en\/interier\/","title":{"rendered":"Branches"},"content":{"rendered":"<div data-elementor-type=\"wp-page\" data-elementor-id=\"2276\" class=\"elementor elementor-2276 elementor-490\" data-elementor-post-type=\"page\">\n\t\t\t\t<div class=\"elementor-element elementor-element-285afd8d e-flex e-con-boxed e-con e-parent\" data-id=\"285afd8d\" data-element_type=\"container\" data-settings=\"{&quot;background_background&quot;:&quot;classic&quot;}\">\n\t\t\t\t\t<div class=\"e-con-inner\">\n\t\t<div class=\"elementor-element elementor-element-6d892d52 e-con-full e-flex e-con e-child\" data-id=\"6d892d52\" data-element_type=\"container\" data-settings=\"{&quot;background_background&quot;:&quot;classic&quot;}\">\n\t\t\t\t<div class=\"elementor-element elementor-element-791dba6b elementor-widget elementor-widget-heading\" data-id=\"791dba6b\" data-element_type=\"widget\" data-widget_type=\"heading.default\">\n\t\t\t\t\t<h1 class=\"elementor-heading-title elementor-size-default\">Welcome to our salon\n<\/h1>\t\t\t\t<\/div>\n\t\t\t\t<div class=\"elementor-element elementor-element-7b3713c elementor-widget elementor-widget-heading\" data-id=\"7b3713c\" data-element_type=\"widget\" data-widget_type=\"heading.default\">\n\t\t\t\t\t<div class=\"elementor-heading-title elementor-size-default\">Enter a world of luxury and sensuality at <strong>our erotic massage salon<\/strong> in Prague. With an elegant design, intimate ambiance, and total comfort, every detail is crafted to enhance your experience. Take a glimpse inside and prepare for the indulgence that awaits you.<\/div>\t\t\t\t<\/div>\n\t\t\t\t<div class=\"elementor-element elementor-element-579d7520 elementor-align-left elementor-mobile-align-justify elementor-widget elementor-widget-button\" data-id=\"579d7520\" data-element_type=\"widget\" data-widget_type=\"button.default\">\n\t\t\t\t\t\t\t\t\t\t<a class=\"elementor-button elementor-button-link elementor-size-md\" href=\"https:\/\/imperium-massage.cz\/en\/reservation\/\">\n\t\t\t\t\t\t<span class=\"elementor-button-content-wrapper\">\n\t\t\t\t\t\t\t\t\t<span class=\"elementor-button-text\">reserve<\/span>\n\t\t\t\t\t<\/span>\n\t\t\t\t\t<\/a>\n\t\t\t\t\t\t\t\t<\/div>\n\t\t\t\t<\/div>\n\t\t\t\t\t<\/div>\n\t\t\t\t<\/div>\n\t\t<div class=\"elementor-element elementor-element-231ceaba e-flex e-con-boxed e-con e-parent\" data-id=\"231ceaba\" data-element_type=\"container\">\n\t\t\t\t\t<div class=\"e-con-inner\">\n\t\t<div class=\"elementor-element elementor-element-4075ebe2 e-con-full e-flex e-con e-child\" data-id=\"4075ebe2\" data-element_type=\"container\">\n\t\t<div class=\"elementor-element elementor-element-7dbd3308 e-con-full e-flex e-con e-child\" data-id=\"7dbd3308\" data-element_type=\"container\">\n\t\t<div class=\"elementor-element elementor-element-ed9b3e0 e-con-full e-flex e-con e-child\" data-id=\"ed9b3e0\" data-element_type=\"container\" data-settings=\"{&quot;background_background&quot;:&quot;classic&quot;}\">\n\t\t\t\t<div class=\"elementor-element elementor-element-7071eda9 elementor-position-top elementor-widget elementor-widget-image-box\" data-id=\"7071eda9\" data-element_type=\"widget\" data-widget_type=\"image-box.default\">\n\t\t\t\t\t<div class=\"elementor-image-box-wrapper\"><figure class=\"elementor-image-box-img\"><a href=\"https:\/\/imperium-massage.cz\/en\/interier\/kubelikova\/\" tabindex=\"-1\"><img fetchpriority=\"high\" decoding=\"async\" width=\"1600\" height=\"1067\" src=\"https:\/\/imperium-massage.cz\/wp-content\/uploads\/2025\/03\/IMG_6817.jpeg\" class=\"attachment-full size-full wp-image-6146\" alt=\"image\" title=\"image\" srcset=\"https:\/\/imperium-massage.cz\/wp-content\/uploads\/2025\/03\/IMG_6817.jpeg 1600w, https:\/\/imperium-massage.cz\/wp-content\/uploads\/2025\/03\/IMG_6817-300x200.jpeg 300w, https:\/\/imperium-massage.cz\/wp-content\/uploads\/2025\/03\/IMG_6817-768x512.jpeg 768w, https:\/\/imperium-massage.cz\/wp-content\/uploads\/2025\/03\/IMG_6817-1024x683.jpeg 1024w, https:\/\/imperium-massage.cz\/wp-content\/uploads\/2025\/03\/IMG_6817-1536x1024.jpeg 1536w, https:\/\/imperium-massage.cz\/wp-content\/uploads\/2025\/03\/IMG_6817-2048x1365.jpeg 2048w\" sizes=\"(max-width: 1600px) 100vw, 1600px\" \/><\/a><\/figure><div class=\"elementor-image-box-content\"><h3 class=\"elementor-image-box-title\"><a href=\"https:\/\/imperium-massage.cz\/en\/interier\/kubelikova\/\">Imperium Massage Kubel\u00edkova<\/a><\/h3><p class=\"elementor-image-box-description\">Are you looking for a clean, discreet, modern, and luxuriously equipped erotic massage salon?\n<br><br>\nYou can find exactly such a salon near the center of Prague, in the quiet \u017di\u017ekov district, at the address Praha 3, Kubel\u00edkova 976\/3.\n<\/p><\/div><\/div>\t\t\t\t<\/div>\n\t\t\t\t<div class=\"elementor-element elementor-element-1439a5bf elementor-widget elementor-widget-button\" data-id=\"1439a5bf\" data-element_type=\"widget\" data-widget_type=\"button.default\">\n\t\t\t\t\t\t\t\t\t\t<a class=\"elementor-button elementor-button-link elementor-size-sm\" href=\"https:\/\/imperium-massage.cz\/en\/interier\/kubelikova\/\">\n\t\t\t\t\t\t<span class=\"elementor-button-content-wrapper\">\n\t\t\t\t\t\t\t\t\t<span class=\"elementor-button-text\">What does it look like there?<\/span>\n\t\t\t\t\t<\/span>\n\t\t\t\t\t<\/a>\n\t\t\t\t\t\t\t\t<\/div>\n\t\t\t\t<\/div>\n\t\t\t\t<\/div>\n\t\t<div class=\"elementor-element elementor-element-20028340 e-con-full e-flex e-con e-child\" data-id=\"20028340\" data-element_type=\"container\">\n\t\t<div class=\"elementor-element elementor-element-4fcb6e7f e-con-full e-flex e-con e-child\" data-id=\"4fcb6e7f\" data-element_type=\"container\" data-settings=\"{&quot;background_background&quot;:&quot;classic&quot;}\">\n\t\t\t\t<div class=\"elementor-element elementor-element-5639318b elementor-position-top elementor-widget elementor-widget-image-box\" data-id=\"5639318b\" data-element_type=\"widget\" data-widget_type=\"image-box.default\">\n\t\t\t\t\t<div class=\"elementor-image-box-wrapper\"><figure class=\"elementor-image-box-img\"><a href=\"https:\/\/imperium-massage.cz\/en\/interier\/korunovacni\/\" tabindex=\"-1\"><img decoding=\"async\" width=\"1280\" height=\"854\" src=\"https:\/\/imperium-massage.cz\/wp-content\/uploads\/2025\/07\/2024-09-12-1.jpg\" class=\"attachment-full size-full wp-image-8224\" alt=\"image\" title=\"image\" srcset=\"https:\/\/imperium-massage.cz\/wp-content\/uploads\/2025\/07\/2024-09-12-1.jpg 1280w, https:\/\/imperium-massage.cz\/wp-content\/uploads\/2025\/07\/2024-09-12-1-300x200.jpg 300w, https:\/\/imperium-massage.cz\/wp-content\/uploads\/2025\/07\/2024-09-12-1-768x512.jpg 768w, https:\/\/imperium-massage.cz\/wp-content\/uploads\/2025\/07\/2024-09-12-1-1024x683.jpg 1024w\" sizes=\"(max-width: 1280px) 100vw, 1280px\" \/><\/a><\/figure><div class=\"elementor-image-box-content\"><h3 class=\"elementor-image-box-title\"><a href=\"https:\/\/imperium-massage.cz\/en\/interier\/korunovacni\/\">Imperium Massage Korunova\u010dn\u00ed<\/a><\/h3><p class=\"elementor-image-box-description\">A place where elegance meets intimacy, and modern luxury blends with discreet professionalism.\n<br><br>\nThis is our erotic massage salon Imperium Massage in Bubene\u010d, located at Korunova\u010dn\u00ed 704\/14, 170 00, Prague 7.<\/p><\/div><\/div>\t\t\t\t<\/div>\n\t\t\t\t<div class=\"elementor-element elementor-element-18684e63 elementor-widget elementor-widget-button\" data-id=\"18684e63\" data-element_type=\"widget\" data-widget_type=\"button.default\">\n\t\t\t\t\t\t\t\t\t\t<a class=\"elementor-button elementor-button-link elementor-size-sm\" href=\"https:\/\/imperium-massage.cz\/en\/interier\/korunovacni\/\">\n\t\t\t\t\t\t<span class=\"elementor-button-content-wrapper\">\n\t\t\t\t\t\t\t\t\t<span class=\"elementor-button-text\">What does it look like there?<\/span>\n\t\t\t\t\t<\/span>\n\t\t\t\t\t<\/a>\n\t\t\t\t\t\t\t\t<\/div>\n\t\t\t\t<\/div>\n\t\t\t\t<\/div>\n\t\t\t\t<\/div>\n\t\t\t\t\t<\/div>\n\t\t\t\t<\/div>\n\t\t<div class=\"elementor-element elementor-element-b3b72d2 e-flex e-con-boxed e-con e-parent\" data-id=\"b3b72d2\" data-element_type=\"container\">\n\t\t\t\t\t<div class=\"e-con-inner\">\n\t\t<div class=\"elementor-element elementor-element-934abc0 e-flex e-con-boxed e-con e-child\" data-id=\"934abc0\" data-element_type=\"container\" data-settings=\"{&quot;background_background&quot;:&quot;classic&quot;}\">\n\t\t\t\t\t<div class=\"e-con-inner\">\n\t\t<div class=\"elementor-element elementor-element-5bfa5cb5 e-flex e-con-boxed e-con e-child\" data-id=\"5bfa5cb5\" data-element_type=\"container\">\n\t\t\t\t\t<div class=\"e-con-inner\">\n\t\t\t\t<div class=\"elementor-element elementor-element-3e4654b2 elementor-widget elementor-widget-heading\" data-id=\"3e4654b2\" data-element_type=\"widget\" data-widget_type=\"heading.default\">\n\t\t\t\t\t<div class=\"elementor-heading-title elementor-size-default\">Choose a massage from our offer and we hope to see you soon!\n<\/div>\t\t\t\t<\/div>\n\t\t\t\t<div class=\"elementor-element elementor-element-426f9a2d elementor-align-center elementor-widget elementor-widget-button\" data-id=\"426f9a2d\" data-element_type=\"widget\" data-widget_type=\"button.default\">\n\t\t\t\t\t\t\t\t\t\t<a class=\"elementor-button elementor-button-link elementor-size-sm\" href=\"https:\/\/imperium-massage.cz\/en\/masaze\/\">\n\t\t\t\t\t\t<span class=\"elementor-button-content-wrapper\">\n\t\t\t\t\t\t\t\t\t<span class=\"elementor-button-text\">View massage offer<\/span>\n\t\t\t\t\t<\/span>\n\t\t\t\t\t<\/a>\n\t\t\t\t\t\t\t\t<\/div>\n\t\t\t\t\t<\/div>\n\t\t\t\t<\/div>\n\t\t\t\t\t<\/div>\n\t\t\t\t<\/div>\n\t\t\t\t\t<\/div>\n\t\t\t\t<\/div>\n\t\t\t\t<\/div>","protected":false},"excerpt":{"rendered":"<p>test<\/p>\n","protected":false},"author":3,"featured_media":0,"parent":0,"menu_order":0,"comment_status":"closed","ping_status":"closed","template":"","meta":{"footnotes":""},"class_list":["post-2276","page","type-page","status-publish","hentry"],"acf":[],"_links":{"self":[{"href":"https:\/\/imperium-massage.cz\/en\/wp-json\/wp\/v2\/pages\/2276","targetHints":{"allow":["GET"]}}],"collection":[{"href":"https:\/\/imperium-massage.cz\/en\/wp-json\/wp\/v2\/pages"}],"about":[{"href":"https:\/\/imperium-massage.cz\/en\/wp-json\/wp\/v2\/types\/page"}],"author":[{"embeddable":true,"href":"https:\/\/imperium-massage.cz\/en\/wp-json\/wp\/v2\/users\/3"}],"replies":[{"embeddable":true,"href":"https:\/\/imperium-massage.cz\/en\/wp-json\/wp\/v2\/comments?post=2276"}],"version-history":[{"count":0,"href":"https:\/\/imperium-massage.cz\/en\/wp-json\/wp\/v2\/pages\/2276\/revisions"}],"wp:attachment":[{"href":"https:\/\/imperium-massage.cz\/en\/wp-json\/wp\/v2\/media?parent=2276"}],"curies":[{"name":"wp","href":"https:\/\/api.w.org\/{rel}","templated":true}]}}